{"id":2604,"date":"2024-07-17T09:37:16","date_gmt":"2024-07-17T12:37:16","guid":{"rendered":"https:\/\/sonote.com.br\/?page_id=2604"},"modified":"2024-07-23T18:54:35","modified_gmt":"2024-07-23T21:54:35","slug":"cadastro","status":"publish","type":"page","link":"https:\/\/sonote.com.br\/index.php\/cadastro\/","title":{"rendered":"Cadastro"},"content":{"rendered":"\t\t<div data-elementor-type=\"wp-page\" data-elementor-id=\"2604\" class=\"elementor elementor-2604\">\n\t\t\t\t\t\t<section class=\"elementor-section elementor-top-section elementor-element elementor-element-5ffa9d3 elementor-section-boxed elementor-section-height-default elementor-section-height-default wpr-particle-no wpr-jarallax-no wpr-parallax-no wpr-sticky-section-no wpr-equal-height-no\" data-id=\"5ffa9d3\" data-element_type=\"section\" data-e-type=\"section\">\n\t\t\t\t\t\t<div class=\"elementor-container elementor-column-gap-default\">\n\t\t\t\t\t<div class=\"elementor-column elementor-col-100 elementor-top-column elementor-element elementor-element-fbe3b1d\" data-id=\"fbe3b1d\" data-element_type=\"column\" data-e-type=\"column\">\n\t\t\t<div class=\"elementor-widget-wrap elementor-element-populated\">\n\t\t\t\t\t\t<div class=\"elementor-element elementor-element-c369716 elementor-invisible elementor-widget elementor-widget-heading\" data-id=\"c369716\" data-element_type=\"widget\" data-e-type=\"widget\" data-settings=\"{&quot;_animation&quot;:&quot;fadeInDown&quot;}\" data-widget_type=\"heading.default\">\n\t\t\t\t<div class=\"elementor-widget-container\">\n\t\t\t\t\t<h2 class=\"elementor-heading-title elementor-size-default\">Cadastro de Clientes<\/h2>\t\t\t\t<\/div>\n\t\t\t\t<\/div>\n\t\t\t\t<div class=\"elementor-element elementor-element-51761d8 elementor-invisible elementor-widget elementor-widget-heading\" data-id=\"51761d8\" data-element_type=\"widget\" data-e-type=\"widget\" data-settings=\"{&quot;_animation&quot;:&quot;fadeInDown&quot;}\" data-widget_type=\"heading.default\">\n\t\t\t\t<div class=\"elementor-widget-container\">\n\t\t\t\t\t<h2 class=\"elementor-heading-title elementor-size-default\">Preencha os dados cadastrais!<\/h2>\t\t\t\t<\/div>\n\t\t\t\t<\/div>\n\t\t\t\t<div class=\"elementor-element elementor-element-f4ae1d4 elementor-widget__width-initial elementor-widget elementor-widget-text-editor\" data-id=\"f4ae1d4\" data-element_type=\"widget\" data-e-type=\"widget\" data-widget_type=\"text-editor.default\">\n\t\t\t\t<div class=\"elementor-widget-container\">\n\t\t\t\t\t\t\t\t\t<p>Cadastre-se no nosso banco de dados e fique por dentro de tudo que acontece aqui na S\u00d3note. Como promo\u00e7\u00f5es, servi\u00e7os novos, novas pol\u00edticas e muito mais!<\/p>\t\t\t\t\t\t\t\t<\/div>\n\t\t\t\t<\/div>\n\t\t\t\t<div class=\"elementor-element elementor-element-6ef6a1e elementor-button-align-stretch elementor-widget elementor-widget-form\" data-id=\"6ef6a1e\" data-element_type=\"widget\" data-e-type=\"widget\" data-settings=\"{&quot;step_next_label&quot;:&quot;Next&quot;,&quot;step_previous_label&quot;:&quot;Previous&quot;,&quot;_animation&quot;:&quot;none&quot;,&quot;button_width&quot;:&quot;100&quot;,&quot;step_type&quot;:&quot;number_text&quot;,&quot;step_icon_shape&quot;:&quot;circle&quot;}\" data-widget_type=\"form.default\">\n\t\t\t\t<div class=\"elementor-widget-container\">\n\t\t\t\t\t\t\t<form class=\"elementor-form\" method=\"post\" name=\"Contato\">\n\t\t\t<input type=\"hidden\" name=\"post_id\" value=\"2604\"\/>\n\t\t\t<input type=\"hidden\" name=\"form_id\" value=\"6ef6a1e\"\/>\n\t\t\t<input type=\"hidden\" name=\"referer_title\" value=\"sonote.com.br\" \/>\n\n\t\t\t\n\t\t\t<div class=\"elementor-form-fields-wrapper elementor-labels-above\">\n\t\t\t\t\t\t\t\t<div class=\"elementor-field-type-text elementor-field-group elementor-column elementor-field-group-Nome elementor-col-100 elementor-field-required elementor-mark-required\">\n\t\t\t\t\t\t\t\t\t\t\t\t\t<input size=\"1\" type=\"text\" name=\"form_fields[Nome]\" id=\"form-field-Nome\" class=\"elementor-field elementor-size-xs  elementor-field-textual\" placeholder=\"Seu Nome\" required=\"required\" aria-required=\"true\">\n\t\t\t\t\t\t\t\t\t\t\t<\/div>\n\t\t\t\t\t\t\t\t<div class=\"elementor-field-type-text elementor-field-group elementor-column elementor-field-group-email elementor-col-100 elementor-field-required elementor-mark-required\">\n\t\t\t\t\t\t\t\t\t\t\t\t\t<input size=\"1\" type=\"text\" name=\"form_fields[email]\" id=\"form-field-email\" class=\"elementor-field elementor-size-xs  elementor-field-textual\" placeholder=\"Seu CPF\" required=\"required\" aria-required=\"true\">\n\t\t\t\t\t\t\t\t\t\t\t<\/div>\n\t\t\t\t\t\t\t\t<div class=\"elementor-field-type-text elementor-field-group elementor-column elementor-field-group-Celular elementor-col-100 elementor-field-required elementor-mark-required\">\n\t\t\t\t\t\t\t\t\t\t\t\t\t<input size=\"1\" type=\"text\" name=\"form_fields[Celular]\" id=\"form-field-Celular\" class=\"elementor-field elementor-size-xs  elementor-field-textual\" placeholder=\"Seu RG\" required=\"required\" aria-required=\"true\">\n\t\t\t\t\t\t\t\t\t\t\t<\/div>\n\t\t\t\t\t\t\t\t<div class=\"elementor-field-type-text elementor-field-group elementor-column elementor-field-group-Mensagem elementor-col-100 elementor-field-required elementor-mark-required\">\n\t\t\t\t\t\t\t\t\t\t\t\t\t<input size=\"1\" type=\"text\" name=\"form_fields[Mensagem]\" id=\"form-field-Mensagem\" class=\"elementor-field elementor-size-xs  elementor-field-textual\" placeholder=\"Seu Endere\u00e7o\" required=\"required\" aria-required=\"true\">\n\t\t\t\t\t\t\t\t\t\t\t<\/div>\n\t\t\t\t\t\t\t\t<div class=\"elementor-field-type-text elementor-field-group elementor-column elementor-field-group-field_35e8608 elementor-col-100\">\n\t\t\t\t\t\t\t\t\t\t\t\t\t<input size=\"1\" type=\"text\" name=\"form_fields[field_35e8608]\" id=\"form-field-field_35e8608\" class=\"elementor-field elementor-size-xs  elementor-field-textual\" placeholder=\"Sua Ocupa\u00e7\u00e3o\">\n\t\t\t\t\t\t\t\t\t\t\t<\/div>\n\t\t\t\t\t\t\t\t<div class=\"elementor-field-type-text elementor-field-group elementor-column elementor-field-group-field_6aa3ed9 elementor-col-100\">\n\t\t\t\t\t\t\t\t\t\t\t\t\t<input size=\"1\" type=\"text\" name=\"form_fields[field_6aa3ed9]\" id=\"form-field-field_6aa3ed9\" class=\"elementor-field elementor-size-xs  elementor-field-textual\" placeholder=\"Seu Telefone\">\n\t\t\t\t\t\t\t\t\t\t\t<\/div>\n\t\t\t\t\t\t\t\t<div class=\"elementor-field-type-email elementor-field-group elementor-column elementor-field-group-field_4b3cf22 elementor-col-100\">\n\t\t\t\t\t\t\t\t\t\t\t\t\t<input size=\"1\" type=\"email\" name=\"form_fields[field_4b3cf22]\" id=\"form-field-field_4b3cf22\" class=\"elementor-field elementor-size-xs  elementor-field-textual\" placeholder=\"Seu Email\">\n\t\t\t\t\t\t\t\t\t\t\t<\/div>\n\t\t\t\t\t\t\t\t<div class=\"elementor-field-group elementor-column elementor-field-type-submit elementor-col-100 e-form__buttons\">\n\t\t\t\t\t<button type=\"submit\" class=\"elementor-button elementor-size-sm\">\n\t\t\t\t\t\t<span >\n\t\t\t\t\t\t\t\t\t\t\t\t\t\t\t<span class=\" elementor-button-icon\">\n\t\t\t\t\t\t\t\t\t\t\t\t\t\t\t\t\t\t\t\t\t\t\t\t\t\t<\/span>\n\t\t\t\t\t\t\t\t\t\t\t\t\t\t\t\t\t\t\t\t\t\t<span class=\"elementor-button-text\">Enviar<\/span>\n\t\t\t\t\t\t\t\t\t\t\t\t\t<\/span>\n\t\t\t\t\t<\/button>\n\t\t\t\t<\/div>\n\t\t\t<\/div>\n\t\t<\/form>\n\t\t\t\t\t\t<\/div>\n\t\t\t\t<\/div>\n\t\t\t\t\t<\/div>\n\t\t<\/div>\n\t\t\t\t\t<\/div>\n\t\t<\/section>\n\t\t\t\t<section class=\"elementor-section elementor-top-section elementor-element elementor-element-f4a30ff elementor-section-boxed elementor-section-height-default elementor-section-height-default wpr-particle-no wpr-jarallax-no wpr-parallax-no wpr-sticky-section-no wpr-equal-height-no\" data-id=\"f4a30ff\" data-element_type=\"section\" data-e-type=\"section\">\n\t\t\t\t\t\t<div class=\"elementor-container elementor-column-gap-default\">\n\t\t\t\t\t<div class=\"elementor-column elementor-col-50 elementor-top-column elementor-element elementor-element-763363d\" data-id=\"763363d\" data-element_type=\"column\" data-e-type=\"column\">\n\t\t\t<div class=\"elementor-widget-wrap elementor-element-populated\">\n\t\t\t\t\t\t<div class=\"elementor-element elementor-element-e0d58ad elementor-invisible elementor-widget elementor-widget-image\" data-id=\"e0d58ad\" data-element_type=\"widget\" data-e-type=\"widget\" data-settings=\"{&quot;_animation&quot;:&quot;fadeInLeft&quot;}\" data-widget_type=\"image.default\">\n\t\t\t\t<div class=\"elementor-widget-container\">\n\t\t\t\t\t\t\t\t\t\t\t\t\t\t\t<img fetchpriority=\"high\" decoding=\"async\" width=\"960\" height=\"785\" src=\"https:\/\/sonote.com.br\/wp-content\/uploads\/2024\/07\/planeta-1-1024x837.png\" class=\"attachment-large size-large wp-image-2654\" alt=\"\" srcset=\"https:\/\/sonote.com.br\/wp-content\/uploads\/2024\/07\/planeta-1-1024x837.png 1024w, https:\/\/sonote.com.br\/wp-content\/uploads\/2024\/07\/planeta-1-300x245.png 300w, https:\/\/sonote.com.br\/wp-content\/uploads\/2024\/07\/planeta-1-768x628.png 768w, https:\/\/sonote.com.br\/wp-content\/uploads\/2024\/07\/planeta-1.png 1081w\" sizes=\"(max-width: 960px) 100vw, 960px\" \/>\t\t\t\t\t\t\t\t\t\t\t\t\t\t\t<\/div>\n\t\t\t\t<\/div>\n\t\t\t\t\t<\/div>\n\t\t<\/div>\n\t\t\t\t<div class=\"elementor-column elementor-col-50 elementor-top-column elementor-element elementor-element-bf9c9ab\" data-id=\"bf9c9ab\" data-element_type=\"column\" data-e-type=\"column\">\n\t\t\t<div class=\"elementor-widget-wrap elementor-element-populated\">\n\t\t\t\t\t\t<div class=\"elementor-element elementor-element-d73885a elementor-invisible elementor-widget elementor-widget-heading\" data-id=\"d73885a\" data-element_type=\"widget\" data-e-type=\"widget\" data-settings=\"{&quot;_animation&quot;:&quot;fadeInDown&quot;}\" data-widget_type=\"heading.default\">\n\t\t\t\t<div class=\"elementor-widget-container\">\n\t\t\t\t\t<h2 class=\"elementor-heading-title elementor-size-default\">Por que eu devo me cadastrar?<\/h2>\t\t\t\t<\/div>\n\t\t\t\t<\/div>\n\t\t\t\t<div class=\"elementor-element elementor-element-eafbcd0 elementor-widget elementor-widget-text-editor\" data-id=\"eafbcd0\" data-element_type=\"widget\" data-e-type=\"widget\" data-widget_type=\"text-editor.default\">\n\t\t\t\t<div class=\"elementor-widget-container\">\n\t\t\t\t\t\t\t\t\t<p>Seu cadastro \u00e9 muito importante tanto para n\u00f3s quanto para voc\u00ea, com ele, n\u00f3s conseguimos nos adequar as necessidades de cada um dos nossos clientes e principalmente voc\u00ea, voc\u00ea ser\u00e1 atendido de uma maneira \u00fanica. Iremos te atualizar frequentemente sobre as novidades que a S\u00d3note oferece.<\/p>\n<p><span style=\"color: var( --e-global-color-text ); font-family: var( --e-global-typography-text-font-family ), Sans-serif; font-weight: var( --e-global-typography-text-font-weight ); font-size: 1rem;\">Aqui na S\u00d3note n\u00f3s fazemos de tudo para garantir o seu conforto e satisfa\u00e7\u00e3o com o nosso servi\u00e7o!<\/span><\/p>\t\t\t\t\t\t\t\t<\/div>\n\t\t\t\t<\/div>\n\t\t\t\t<div class=\"elementor-element elementor-element-8063c48 wpr-button-icon-style-inline wpr-button-icon-position-right elementor-widget elementor-widget-wpr-button\" data-id=\"8063c48\" data-element_type=\"widget\" data-e-type=\"widget\" data-widget_type=\"wpr-button.default\">\n\t\t\t\t<div class=\"elementor-widget-container\">\n\t\t\t\t\t\t\n\t\t\t\n\t\t\n\t\t<div class=\"wpr-button-wrap elementor-clearfix\">\n\t\t<a class=\"wpr-button wpr-button-effect wpr-button-none\" data-text=\"\" href=\"https:\/\/sonote.com.br\/index.php\/sobrenos\/\">\n\t\t\t\n\t\t\t<span class=\"wpr-button-content\">\n\t\t\t\t\t\t\t\t\t<span class=\"wpr-button-text\">Conhe\u00e7a a S\u00d3note<\/span>\n\t\t\t\t\t\t\t\t\n\t\t\t\t\t\t\t<\/span>\n\t\t<\/a>\n\n\t\t\t\t<\/div>\n\t\n\t\n\t\t\t\t\t<\/div>\n\t\t\t\t<\/div>\n\t\t\t\t\t<\/div>\n\t\t<\/div>\n\t\t\t\t\t<\/div>\n\t\t<\/section>\n\t\t\t\t<\/div>\n\t\t","protected":false},"excerpt":{"rendered":"<p>Cadastro de Clientes Preencha os dados cadastrais! Cadastre-se no nosso banco de dados e fique por dentro de tudo que acontece aqui na S\u00d3note. Como promo\u00e7\u00f5es, servi\u00e7os novos, novas pol\u00edticas e muito mais! Por que eu devo me cadastrar? Seu cadastro \u00e9 muito importante tanto para n\u00f3s quanto para voc\u00ea, com ele, n\u00f3s conseguimos nos adequar as necessidades de cada um dos nossos clientes e principalmente voc\u00ea, voc\u00ea ser\u00e1 atendido de uma maneira \u00fanica. Iremos te atualizar frequentemente sobre as novidades que a S\u00d3note oferece. Aqui na S\u00d3note n\u00f3s fazemos de tudo para garantir o seu conforto e satisfa\u00e7\u00e3o com o nosso servi\u00e7o! Conhe\u00e7a a S\u00d3note<\/p>\n","protected":false},"author":1,"featured_media":0,"parent":0,"menu_order":0,"comment_status":"closed","ping_status":"closed","template":"elementor_canvas","meta":{"footnotes":""},"class_list":["post-2604","page","type-page","status-publish","hentry"],"yoast_head":"<!-- This site is optimized with the Yoast SEO plugin v27.3 - https:\/\/yoast.com\/product\/yoast-seo-wordpress\/ -->\n<title>Cadastro - sonote.com.br<\/title>\n<meta name=\"robots\" content=\"index, follow, max-snippet:-1, max-image-preview:large, max-video-preview:-1\" \/>\n<link rel=\"canonical\" href=\"https:\/\/sonote.com.br\/index.php\/cadastro\/\" \/>\n<meta property=\"og:locale\" content=\"pt_BR\" \/>\n<meta property=\"og:type\" content=\"article\" \/>\n<meta property=\"og:title\" content=\"Cadastro - sonote.com.br\" \/>\n<meta property=\"og:description\" content=\"Cadastro de Clientes Preencha os dados cadastrais! Cadastre-se no nosso banco de dados e fique por dentro de tudo que acontece aqui na S\u00d3note. Como promo\u00e7\u00f5es, servi\u00e7os novos, novas pol\u00edticas e muito mais! Por que eu devo me cadastrar? Seu cadastro \u00e9 muito importante tanto para n\u00f3s quanto para voc\u00ea, com ele, n\u00f3s conseguimos nos adequar as necessidades de cada um dos nossos clientes e principalmente voc\u00ea, voc\u00ea ser\u00e1 atendido de uma maneira \u00fanica. Iremos te atualizar frequentemente sobre as novidades que a S\u00d3note oferece. Aqui na S\u00d3note n\u00f3s fazemos de tudo para garantir o seu conforto e satisfa\u00e7\u00e3o com o nosso servi\u00e7o! Conhe\u00e7a a S\u00d3note\" \/>\n<meta property=\"og:url\" content=\"https:\/\/sonote.com.br\/index.php\/cadastro\/\" \/>\n<meta property=\"og:site_name\" content=\"sonote.com.br\" \/>\n<meta property=\"article:publisher\" content=\"https:\/\/www.facebook.com\/sonotelevaetraz\" \/>\n<meta property=\"article:modified_time\" content=\"2024-07-23T21:54:35+00:00\" \/>\n<meta property=\"og:image\" content=\"https:\/\/sonote.com.br\/wp-content\/uploads\/2024\/07\/planeta-1-1024x837.png\" \/>\n<meta name=\"twitter:card\" content=\"summary_large_image\" \/>\n<meta name=\"twitter:label1\" content=\"Est. tempo de leitura\" \/>\n\t<meta name=\"twitter:data1\" content=\"1 minuto\" \/>\n<script type=\"application\/ld+json\" class=\"yoast-schema-graph\">{\"@context\":\"https:\\\/\\\/schema.org\",\"@graph\":[{\"@type\":\"WebPage\",\"@id\":\"https:\\\/\\\/sonote.com.br\\\/index.php\\\/cadastro\\\/\",\"url\":\"https:\\\/\\\/sonote.com.br\\\/index.php\\\/cadastro\\\/\",\"name\":\"Cadastro - sonote.com.br\",\"isPartOf\":{\"@id\":\"https:\\\/\\\/sonote.com.br\\\/#website\"},\"primaryImageOfPage\":{\"@id\":\"https:\\\/\\\/sonote.com.br\\\/index.php\\\/cadastro\\\/#primaryimage\"},\"image\":{\"@id\":\"https:\\\/\\\/sonote.com.br\\\/index.php\\\/cadastro\\\/#primaryimage\"},\"thumbnailUrl\":\"https:\\\/\\\/sonote.com.br\\\/wp-content\\\/uploads\\\/2024\\\/07\\\/planeta-1-1024x837.png\",\"datePublished\":\"2024-07-17T12:37:16+00:00\",\"dateModified\":\"2024-07-23T21:54:35+00:00\",\"breadcrumb\":{\"@id\":\"https:\\\/\\\/sonote.com.br\\\/index.php\\\/cadastro\\\/#breadcrumb\"},\"inLanguage\":\"pt-BR\",\"potentialAction\":[{\"@type\":\"ReadAction\",\"target\":[\"https:\\\/\\\/sonote.com.br\\\/index.php\\\/cadastro\\\/\"]}]},{\"@type\":\"ImageObject\",\"inLanguage\":\"pt-BR\",\"@id\":\"https:\\\/\\\/sonote.com.br\\\/index.php\\\/cadastro\\\/#primaryimage\",\"url\":\"https:\\\/\\\/sonote.com.br\\\/wp-content\\\/uploads\\\/2024\\\/07\\\/planeta-1.png\",\"contentUrl\":\"https:\\\/\\\/sonote.com.br\\\/wp-content\\\/uploads\\\/2024\\\/07\\\/planeta-1.png\",\"width\":1081,\"height\":884},{\"@type\":\"BreadcrumbList\",\"@id\":\"https:\\\/\\\/sonote.com.br\\\/index.php\\\/cadastro\\\/#breadcrumb\",\"itemListElement\":[{\"@type\":\"ListItem\",\"position\":1,\"name\":\"In\u00edcio\",\"item\":\"https:\\\/\\\/sonote.com.br\\\/\"},{\"@type\":\"ListItem\",\"position\":2,\"name\":\"Cadastro\"}]},{\"@type\":\"WebSite\",\"@id\":\"https:\\\/\\\/sonote.com.br\\\/#website\",\"url\":\"https:\\\/\\\/sonote.com.br\\\/\",\"name\":\"sonote.com.br\",\"description\":\"SOnote - Leva &amp; Traz Service\",\"publisher\":{\"@id\":\"https:\\\/\\\/sonote.com.br\\\/#organization\"},\"potentialAction\":[{\"@type\":\"SearchAction\",\"target\":{\"@type\":\"EntryPoint\",\"urlTemplate\":\"https:\\\/\\\/sonote.com.br\\\/?s={search_term_string}\"},\"query-input\":{\"@type\":\"PropertyValueSpecification\",\"valueRequired\":true,\"valueName\":\"search_term_string\"}}],\"inLanguage\":\"pt-BR\"},{\"@type\":\"Organization\",\"@id\":\"https:\\\/\\\/sonote.com.br\\\/#organization\",\"name\":\"S\u00d3note - Solu\u00e7\u00f5es em Tecnologia\",\"url\":\"https:\\\/\\\/sonote.com.br\\\/\",\"logo\":{\"@type\":\"ImageObject\",\"inLanguage\":\"pt-BR\",\"@id\":\"https:\\\/\\\/sonote.com.br\\\/#\\\/schema\\\/logo\\\/image\\\/\",\"url\":\"https:\\\/\\\/sonote.com.br\\\/wp-content\\\/uploads\\\/2024\\\/09\\\/SONOTE-LOGO.png\",\"contentUrl\":\"https:\\\/\\\/sonote.com.br\\\/wp-content\\\/uploads\\\/2024\\\/09\\\/SONOTE-LOGO.png\",\"width\":1701,\"height\":1701,\"caption\":\"S\u00d3note - Solu\u00e7\u00f5es em Tecnologia\"},\"image\":{\"@id\":\"https:\\\/\\\/sonote.com.br\\\/#\\\/schema\\\/logo\\\/image\\\/\"},\"sameAs\":[\"https:\\\/\\\/www.facebook.com\\\/sonotelevaetraz\",\"https:\\\/\\\/www.instagram.com\\\/sonotelevaetraz\\\/\"]}]}<\/script>\n<!-- \/ Yoast SEO plugin. -->","yoast_head_json":{"title":"Cadastro - sonote.com.br","robots":{"index":"index","follow":"follow","max-snippet":"max-snippet:-1","max-image-preview":"max-image-preview:large","max-video-preview":"max-video-preview:-1"},"canonical":"https:\/\/sonote.com.br\/index.php\/cadastro\/","og_locale":"pt_BR","og_type":"article","og_title":"Cadastro - sonote.com.br","og_description":"Cadastro de Clientes Preencha os dados cadastrais! Cadastre-se no nosso banco de dados e fique por dentro de tudo que acontece aqui na S\u00d3note. Como promo\u00e7\u00f5es, servi\u00e7os novos, novas pol\u00edticas e muito mais! Por que eu devo me cadastrar? Seu cadastro \u00e9 muito importante tanto para n\u00f3s quanto para voc\u00ea, com ele, n\u00f3s conseguimos nos adequar as necessidades de cada um dos nossos clientes e principalmente voc\u00ea, voc\u00ea ser\u00e1 atendido de uma maneira \u00fanica. Iremos te atualizar frequentemente sobre as novidades que a S\u00d3note oferece. Aqui na S\u00d3note n\u00f3s fazemos de tudo para garantir o seu conforto e satisfa\u00e7\u00e3o com o nosso servi\u00e7o! Conhe\u00e7a a S\u00d3note","og_url":"https:\/\/sonote.com.br\/index.php\/cadastro\/","og_site_name":"sonote.com.br","article_publisher":"https:\/\/www.facebook.com\/sonotelevaetraz","article_modified_time":"2024-07-23T21:54:35+00:00","og_image":[{"url":"https:\/\/sonote.com.br\/wp-content\/uploads\/2024\/07\/planeta-1-1024x837.png","type":"","width":"","height":""}],"twitter_card":"summary_large_image","twitter_misc":{"Est. tempo de leitura":"1 minuto"},"schema":{"@context":"https:\/\/schema.org","@graph":[{"@type":"WebPage","@id":"https:\/\/sonote.com.br\/index.php\/cadastro\/","url":"https:\/\/sonote.com.br\/index.php\/cadastro\/","name":"Cadastro - sonote.com.br","isPartOf":{"@id":"https:\/\/sonote.com.br\/#website"},"primaryImageOfPage":{"@id":"https:\/\/sonote.com.br\/index.php\/cadastro\/#primaryimage"},"image":{"@id":"https:\/\/sonote.com.br\/index.php\/cadastro\/#primaryimage"},"thumbnailUrl":"https:\/\/sonote.com.br\/wp-content\/uploads\/2024\/07\/planeta-1-1024x837.png","datePublished":"2024-07-17T12:37:16+00:00","dateModified":"2024-07-23T21:54:35+00:00","breadcrumb":{"@id":"https:\/\/sonote.com.br\/index.php\/cadastro\/#breadcrumb"},"inLanguage":"pt-BR","potentialAction":[{"@type":"ReadAction","target":["https:\/\/sonote.com.br\/index.php\/cadastro\/"]}]},{"@type":"ImageObject","inLanguage":"pt-BR","@id":"https:\/\/sonote.com.br\/index.php\/cadastro\/#primaryimage","url":"https:\/\/sonote.com.br\/wp-content\/uploads\/2024\/07\/planeta-1.png","contentUrl":"https:\/\/sonote.com.br\/wp-content\/uploads\/2024\/07\/planeta-1.png","width":1081,"height":884},{"@type":"BreadcrumbList","@id":"https:\/\/sonote.com.br\/index.php\/cadastro\/#breadcrumb","itemListElement":[{"@type":"ListItem","position":1,"name":"In\u00edcio","item":"https:\/\/sonote.com.br\/"},{"@type":"ListItem","position":2,"name":"Cadastro"}]},{"@type":"WebSite","@id":"https:\/\/sonote.com.br\/#website","url":"https:\/\/sonote.com.br\/","name":"sonote.com.br","description":"SOnote - Leva &amp; Traz Service","publisher":{"@id":"https:\/\/sonote.com.br\/#organization"},"potentialAction":[{"@type":"SearchAction","target":{"@type":"EntryPoint","urlTemplate":"https:\/\/sonote.com.br\/?s={search_term_string}"},"query-input":{"@type":"PropertyValueSpecification","valueRequired":true,"valueName":"search_term_string"}}],"inLanguage":"pt-BR"},{"@type":"Organization","@id":"https:\/\/sonote.com.br\/#organization","name":"S\u00d3note - Solu\u00e7\u00f5es em Tecnologia","url":"https:\/\/sonote.com.br\/","logo":{"@type":"ImageObject","inLanguage":"pt-BR","@id":"https:\/\/sonote.com.br\/#\/schema\/logo\/image\/","url":"https:\/\/sonote.com.br\/wp-content\/uploads\/2024\/09\/SONOTE-LOGO.png","contentUrl":"https:\/\/sonote.com.br\/wp-content\/uploads\/2024\/09\/SONOTE-LOGO.png","width":1701,"height":1701,"caption":"S\u00d3note - Solu\u00e7\u00f5es em Tecnologia"},"image":{"@id":"https:\/\/sonote.com.br\/#\/schema\/logo\/image\/"},"sameAs":["https:\/\/www.facebook.com\/sonotelevaetraz","https:\/\/www.instagram.com\/sonotelevaetraz\/"]}]}},"jetpack_sharing_enabled":true,"_links":{"self":[{"href":"https:\/\/sonote.com.br\/index.php\/wp-json\/wp\/v2\/pages\/2604","targetHints":{"allow":["GET"]}}],"collection":[{"href":"https:\/\/sonote.com.br\/index.php\/wp-json\/wp\/v2\/pages"}],"about":[{"href":"https:\/\/sonote.com.br\/index.php\/wp-json\/wp\/v2\/types\/page"}],"author":[{"embeddable":true,"href":"https:\/\/sonote.com.br\/index.php\/wp-json\/wp\/v2\/users\/1"}],"replies":[{"embeddable":true,"href":"https:\/\/sonote.com.br\/index.php\/wp-json\/wp\/v2\/comments?post=2604"}],"version-history":[{"count":73,"href":"https:\/\/sonote.com.br\/index.php\/wp-json\/wp\/v2\/pages\/2604\/revisions"}],"predecessor-version":[{"id":3924,"href":"https:\/\/sonote.com.br\/index.php\/wp-json\/wp\/v2\/pages\/2604\/revisions\/3924"}],"wp:attachment":[{"href":"https:\/\/sonote.com.br\/index.php\/wp-json\/wp\/v2\/media?parent=2604"}],"curies":[{"name":"wp","href":"https:\/\/api.w.org\/{rel}","templated":true}]}}